{"id":88,"date":"2018-01-02T19:24:39","date_gmt":"2018-01-02T22:24:39","guid":{"rendered":"http:\/\/www.claudiasantoseventos.com.br\/site\/?page_id=88"},"modified":"2022-07-06T13:22:33","modified_gmt":"2022-07-06T16:22:33","slug":"rsvp","status":"publish","type":"page","link":"https:\/\/www.claudiasantoseventos.com.br\/site\/rsvp\/","title":{"rendered":"RSVP (confirma\u00e7\u00e3o de presen\u00e7a)"},"content":{"rendered":"<h2>Confirme sua presen\u00e7a para ajudar os anfitri\u00f5es a organizarem-se melhor para receber voc\u00ea<\/h2>\n<p>Preencher o formul\u00e1rio abaixo ajuda a organiza\u00e7\u00e3o do evento a estimar melhor o n\u00famero de participantes e atender melhor cada um dos presentes, por isso agradecemos imensamente pelo seu tempo em preencher corretamente seus dados.<\/p>\n\n<div class=\"wpcf7 no-js\" id=\"wpcf7-f87-o1\" lang=\"pt-BR\" dir=\"ltr\" data-wpcf7-id=\"87\">\n<div class=\"screen-reader-response\"><p role=\"status\" aria-live=\"polite\" aria-atomic=\"true\"><\/p> <ul><\/ul><\/div>\n<form action=\"\/site\/wp-json\/wp\/v2\/pages\/88#wpcf7-f87-o1\" method=\"post\" class=\"wpcf7-form init\" aria-label=\"Formul\u00e1rios de contato\" novalidate=\"novalidate\" data-status=\"init\">\n<fieldset class=\"hidden-fields-container\"><input type=\"hidden\" name=\"_wpcf7\" value=\"87\" \/><input type=\"hidden\" name=\"_wpcf7_version\" value=\"6.1.5\" \/><input type=\"hidden\" name=\"_wpcf7_locale\" value=\"pt_BR\" \/><input type=\"hidden\" name=\"_wpcf7_unit_tag\" value=\"wpcf7-f87-o1\" \/><input type=\"hidden\" name=\"_wpcf7_container_post\" value=\"0\" \/><input type=\"hidden\" name=\"_wpcf7_posted_data_hash\" value=\"\" \/>\n<\/fieldset>\n<p><label> Data do Evento (obrigat\u00f3rio)<br \/>\n<span class=\"wpcf7-form-control-wrap\" data-name=\"data-evento\"><input size=\"40\" maxlength=\"400\" class=\"wpcf7-form-control wpcf7-text wpcf7-validates-as-required custominput formfield_data\" id=\"data-evento\" aria-required=\"true\" aria-invalid=\"false\" placeholder=\"dd\/mm\/aaaa\" value=\"\" type=\"text\" name=\"data-evento\" \/><\/span> <\/label>\n<\/p>\n<p><label> Nome do(s) anfitri\u00e3o(\u00f5es) (obrigat\u00f3rio)<br \/>\n<span class=\"wpcf7-form-control-wrap\" data-name=\"anfitriao\"><input size=\"40\" maxlength=\"400\" class=\"wpcf7-form-control wpcf7-text wpcf7-validates-as-required custominput\" aria-required=\"true\" aria-invalid=\"false\" value=\"\" type=\"text\" name=\"anfitriao\" \/><\/span> <\/label>\n<\/p>\n<p><label> Nome no Convite (obrigat\u00f3rio)<br \/>\n<span class=\"wpcf7-form-control-wrap\" data-name=\"your-name\"><input size=\"40\" maxlength=\"400\" class=\"wpcf7-form-control wpcf7-text wpcf7-validates-as-required custominput\" aria-required=\"true\" aria-invalid=\"false\" placeholder=\"Nome completo\" value=\"\" type=\"text\" name=\"your-name\" \/><\/span> <\/label>\n<\/p>\n<p><label> Quantidade de acompanhantes (obrigat\u00f3rio)<br \/>\n<span class=\"wpcf7-form-control-wrap\" data-name=\"acompanhantes\"><select class=\"wpcf7-form-control wpcf7-select wpcf7-validates-as-required custominput\" aria-required=\"true\" aria-invalid=\"false\" name=\"acompanhantes\"><option value=\"Nenhum\">Nenhum<\/option><option value=\"1\">1<\/option><option value=\"2\">2<\/option><option value=\"3\">3<\/option><option value=\"4\">4<\/option><option value=\"5\">5<\/option><option value=\"6\">6<\/option><option value=\"7\">7<\/option><option value=\"8\">8<\/option><option value=\"9\">9<\/option><option value=\"10\">10<\/option><\/select><\/span> <\/label>\n<\/p>\n<p><label> Quantos acompanhantes s\u00e3o crian\u00e7as e quais as idades<br \/>\n<span class=\"wpcf7-form-control-wrap\" data-name=\"acompanhantes-criancas\"><input size=\"40\" maxlength=\"400\" class=\"wpcf7-form-control wpcf7-text custominput\" aria-invalid=\"false\" placeholder=\"Ex: Duas crian\u00e7as, 5 e 10 anos\" value=\"\" type=\"text\" name=\"acompanhantes-criancas\" \/><\/span> <\/label>\n<\/p>\n<p><label> Nomes dos acompanhantes<br \/>\n<span class=\"wpcf7-form-control-wrap\" data-name=\"acompanhantes-nomes\"><textarea cols=\"40\" rows=\"10\" maxlength=\"2000\" class=\"wpcf7-form-control wpcf7-textarea custominput\" aria-invalid=\"false\" placeholder=\"Coloque o nome dos acompanhantes separados por v\u00edrgulas\" name=\"acompanhantes-nomes\"><\/textarea><\/span> <\/label>\n<\/p>\n<p><label> Informa\u00e7\u00f5es adicionais<br \/>\n<span class=\"wpcf7-form-control-wrap\" data-name=\"your-message\"><textarea cols=\"40\" rows=\"10\" maxlength=\"2000\" class=\"wpcf7-form-control wpcf7-textarea custominput\" aria-invalid=\"false\" placeholder=\"Aqui voc\u00ea pode informar tudo que julgar importante para os organizadores do evento\" name=\"your-message\"><\/textarea><\/span> <\/label>\n<\/p>\n<p><input class=\"wpcf7-form-control wpcf7-submit has-spinner but but-ok\" type=\"submit\" value=\"Enviar\" \/>\n<\/p><div class=\"wpcf7-response-output\" aria-hidden=\"true\"><\/div>\n<\/form>\n<\/div>\n\n","protected":false},"excerpt":{"rendered":"<p>Confirme sua presen\u00e7a para ajudar os anfitri\u00f5es a organizarem-se melhor para receber voc\u00ea Preencher o formul\u00e1rio abaixo ajuda a organiza\u00e7\u00e3o do evento a estimar melhor o n\u00famero de participantes e atender melhor cada um dos presentes, por isso agradecemos imensamente pelo seu tempo em preencher corretamente seus dados.<\/p>\n","protected":false},"author":1,"featured_media":0,"parent":0,"menu_order":0,"comment_status":"closed","ping_status":"closed","template":"template_form-data.php","meta":{"_acf_changed":false,"footnotes":""},"class_list":["post-88","page","type-page","status-publish","hentry"],"acf":[],"yoast_head":"<!-- This site is optimized with the Yoast SEO plugin v26.9 - https:\/\/yoast.com\/product\/yoast-seo-wordpress\/ -->\n<title>RSVP - Confirme sua presen\u00e7a nos eventos da Claudia Santos<\/title>\n<meta name=\"description\" content=\"Confirme sua presen\u00e7a nos eventos da Claudia Santos e ajude os anfitri\u00f5es a preparem a melhor recep\u00e7\u00e3o para voc\u00ea!\" \/>\n<meta name=\"robots\" content=\"index, follow, max-snippet:-1, max-image-preview:large, max-video-preview:-1\" \/>\n<link rel=\"canonical\" href=\"https:\/\/www.claudiasantoseventos.com.br\/site\/rsvp\/\" \/>\n<meta property=\"og:locale\" content=\"pt_BR\" \/>\n<meta property=\"og:type\" content=\"article\" \/>\n<meta property=\"og:title\" content=\"RSVP - Confirme sua presen\u00e7a nos eventos da Claudia Santos\" \/>\n<meta property=\"og:description\" content=\"Confirme sua presen\u00e7a nos eventos da Claudia Santos e ajude os anfitri\u00f5es a preparem a melhor recep\u00e7\u00e3o para voc\u00ea!\" \/>\n<meta property=\"og:url\" content=\"https:\/\/www.claudiasantoseventos.com.br\/site\/rsvp\/\" \/>\n<meta property=\"og:site_name\" content=\"Claudia Santos - Organiza\u00e7\u00e3o de Casamentos\" \/>\n<meta property=\"article:modified_time\" content=\"2022-07-06T16:22:33+00:00\" \/>\n<meta name=\"twitter:card\" content=\"summary_large_image\" \/>\n<meta name=\"twitter:label1\" content=\"Est. tempo de leitura\" \/>\n\t<meta name=\"twitter:data1\" content=\"1 minuto\" \/>\n<script type=\"application\/ld+json\" class=\"yoast-schema-graph\">{\"@context\":\"https:\/\/schema.org\",\"@graph\":[{\"@type\":\"WebPage\",\"@id\":\"https:\/\/www.claudiasantoseventos.com.br\/site\/rsvp\/\",\"url\":\"https:\/\/www.claudiasantoseventos.com.br\/site\/rsvp\/\",\"name\":\"RSVP - Confirme sua presen\u00e7a nos eventos da Claudia Santos\",\"isPartOf\":{\"@id\":\"https:\/\/www.claudiasantoseventos.com.br\/site\/#website\"},\"datePublished\":\"2018-01-02T22:24:39+00:00\",\"dateModified\":\"2022-07-06T16:22:33+00:00\",\"description\":\"Confirme sua presen\u00e7a nos eventos da Claudia Santos e ajude os anfitri\u00f5es a preparem a melhor recep\u00e7\u00e3o para voc\u00ea!\",\"breadcrumb\":{\"@id\":\"https:\/\/www.claudiasantoseventos.com.br\/site\/rsvp\/#breadcrumb\"},\"inLanguage\":\"pt-BR\",\"potentialAction\":[{\"@type\":\"ReadAction\",\"target\":[\"https:\/\/www.claudiasantoseventos.com.br\/site\/rsvp\/\"]}]},{\"@type\":\"BreadcrumbList\",\"@id\":\"https:\/\/www.claudiasantoseventos.com.br\/site\/rsvp\/#breadcrumb\",\"itemListElement\":[{\"@type\":\"ListItem\",\"position\":1,\"name\":\"In\u00edcio\",\"item\":\"https:\/\/www.claudiasantoseventos.com.br\/site\/\"},{\"@type\":\"ListItem\",\"position\":2,\"name\":\"RSVP (confirma\u00e7\u00e3o de presen\u00e7a)\"}]},{\"@type\":\"WebSite\",\"@id\":\"https:\/\/www.claudiasantoseventos.com.br\/site\/#website\",\"url\":\"https:\/\/www.claudiasantoseventos.com.br\/site\/\",\"name\":\"Claudia Santos - Organiza\u00e7\u00e3o de Casamentos\",\"description\":\"Porque conduzir o seu sonho \u00e9 a nossa miss\u00e3o\",\"potentialAction\":[{\"@type\":\"SearchAction\",\"target\":{\"@type\":\"EntryPoint\",\"urlTemplate\":\"https:\/\/www.claudiasantoseventos.com.br\/site\/?s={search_term_string}\"},\"query-input\":{\"@type\":\"PropertyValueSpecification\",\"valueRequired\":true,\"valueName\":\"search_term_string\"}}],\"inLanguage\":\"pt-BR\"}]}<\/script>\n<!-- \/ Yoast SEO plugin. -->","yoast_head_json":{"title":"RSVP - Confirme sua presen\u00e7a nos eventos da Claudia Santos","description":"Confirme sua presen\u00e7a nos eventos da Claudia Santos e ajude os anfitri\u00f5es a preparem a melhor recep\u00e7\u00e3o para voc\u00ea!","robots":{"index":"index","follow":"follow","max-snippet":"max-snippet:-1","max-image-preview":"max-image-preview:large","max-video-preview":"max-video-preview:-1"},"canonical":"https:\/\/www.claudiasantoseventos.com.br\/site\/rsvp\/","og_locale":"pt_BR","og_type":"article","og_title":"RSVP - Confirme sua presen\u00e7a nos eventos da Claudia Santos","og_description":"Confirme sua presen\u00e7a nos eventos da Claudia Santos e ajude os anfitri\u00f5es a preparem a melhor recep\u00e7\u00e3o para voc\u00ea!","og_url":"https:\/\/www.claudiasantoseventos.com.br\/site\/rsvp\/","og_site_name":"Claudia Santos - Organiza\u00e7\u00e3o de Casamentos","article_modified_time":"2022-07-06T16:22:33+00:00","twitter_card":"summary_large_image","twitter_misc":{"Est. tempo de leitura":"1 minuto"},"schema":{"@context":"https:\/\/schema.org","@graph":[{"@type":"WebPage","@id":"https:\/\/www.claudiasantoseventos.com.br\/site\/rsvp\/","url":"https:\/\/www.claudiasantoseventos.com.br\/site\/rsvp\/","name":"RSVP - Confirme sua presen\u00e7a nos eventos da Claudia Santos","isPartOf":{"@id":"https:\/\/www.claudiasantoseventos.com.br\/site\/#website"},"datePublished":"2018-01-02T22:24:39+00:00","dateModified":"2022-07-06T16:22:33+00:00","description":"Confirme sua presen\u00e7a nos eventos da Claudia Santos e ajude os anfitri\u00f5es a preparem a melhor recep\u00e7\u00e3o para voc\u00ea!","breadcrumb":{"@id":"https:\/\/www.claudiasantoseventos.com.br\/site\/rsvp\/#breadcrumb"},"inLanguage":"pt-BR","potentialAction":[{"@type":"ReadAction","target":["https:\/\/www.claudiasantoseventos.com.br\/site\/rsvp\/"]}]},{"@type":"BreadcrumbList","@id":"https:\/\/www.claudiasantoseventos.com.br\/site\/rsvp\/#breadcrumb","itemListElement":[{"@type":"ListItem","position":1,"name":"In\u00edcio","item":"https:\/\/www.claudiasantoseventos.com.br\/site\/"},{"@type":"ListItem","position":2,"name":"RSVP (confirma\u00e7\u00e3o de presen\u00e7a)"}]},{"@type":"WebSite","@id":"https:\/\/www.claudiasantoseventos.com.br\/site\/#website","url":"https:\/\/www.claudiasantoseventos.com.br\/site\/","name":"Claudia Santos - Organiza\u00e7\u00e3o de Casamentos","description":"Porque conduzir o seu sonho \u00e9 a nossa miss\u00e3o","potentialAction":[{"@type":"SearchAction","target":{"@type":"EntryPoint","urlTemplate":"https:\/\/www.claudiasantoseventos.com.br\/site\/?s={search_term_string}"},"query-input":{"@type":"PropertyValueSpecification","valueRequired":true,"valueName":"search_term_string"}}],"inLanguage":"pt-BR"}]}},"_links":{"self":[{"href":"https:\/\/www.claudiasantoseventos.com.br\/site\/wp-json\/wp\/v2\/pages\/88","targetHints":{"allow":["GET"]}}],"collection":[{"href":"https:\/\/www.claudiasantoseventos.com.br\/site\/wp-json\/wp\/v2\/pages"}],"about":[{"href":"https:\/\/www.claudiasantoseventos.com.br\/site\/wp-json\/wp\/v2\/types\/page"}],"author":[{"embeddable":true,"href":"https:\/\/www.claudiasantoseventos.com.br\/site\/wp-json\/wp\/v2\/users\/1"}],"replies":[{"embeddable":true,"href":"https:\/\/www.claudiasantoseventos.com.br\/site\/wp-json\/wp\/v2\/comments?post=88"}],"version-history":[{"count":3,"href":"https:\/\/www.claudiasantoseventos.com.br\/site\/wp-json\/wp\/v2\/pages\/88\/revisions"}],"predecessor-version":[{"id":92,"href":"https:\/\/www.claudiasantoseventos.com.br\/site\/wp-json\/wp\/v2\/pages\/88\/revisions\/92"}],"wp:attachment":[{"href":"https:\/\/www.claudiasantoseventos.com.br\/site\/wp-json\/wp\/v2\/media?parent=88"}],"curies":[{"name":"wp","href":"https:\/\/api.w.org\/{rel}","templated":true}]}}